{"id":75,"date":"2023-08-11T14:25:00","date_gmt":"2023-08-11T14:25:00","guid":{"rendered":"https:\/\/cxlevis.com\/sample-page\/"},"modified":"2025-08-21T16:02:21","modified_gmt":"2025-08-21T16:02:21","slug":"sample-page","status":"publish","type":"page","link":"https:\/\/cxlevis.com\/en\/sample-page\/","title":{"rendered":"Hosting"},"content":{"rendered":"\n<div class=\"wp-block-columns is-layout-flex wp-container-core-columns-is-layout-28f84493 wp-block-columns-is-layout-flex\">\n<div class=\"wp-block-column is-layout-flow wp-block-column-is-layout-flow\">\n<figure class=\"wp-block-image size-full\"><a href=\"https:\/\/hotelnormandin.com\/hotels\/hotel-et-suites-normandin-levis\"><img data-recalc-dims=\"1\" loading=\"lazy\" decoding=\"async\" width=\"622\" height=\"168\" src=\"https:\/\/i0.wp.com\/cxlevis.com\/wp-content\/uploads\/2023\/09\/logo_Les-Hotels-Normandin_site-web.png?resize=622%2C168&#038;ssl=1\" alt=\"\" class=\"wp-image-449\" srcset=\"https:\/\/i0.wp.com\/cxlevis.com\/wp-content\/uploads\/2023\/09\/logo_Les-Hotels-Normandin_site-web.png?w=622&amp;ssl=1 622w, https:\/\/i0.wp.com\/cxlevis.com\/wp-content\/uploads\/2023\/09\/logo_Les-Hotels-Normandin_site-web.png?resize=300%2C81&amp;ssl=1 300w\" sizes=\"auto, (max-width: 622px) 100vw, 622px\" \/><\/a><\/figure>\n<\/div>\n\n\n\n<div class=\"wp-block-column is-layout-flow wp-block-column-is-layout-flow\">\n<p class=\"has-medium-font-size\"><strong>Code: 141125CX<\/strong><\/p>\n\n\n\n<p class=\"\"><em><strong>169$<\/strong><\/em>\/night<strong>double occupancy continental breakfast included<\/strong><\/p>\n<\/div>\n<\/div>\n\n\n\n<p class=\"\">The site is 15 minutes from the Quebec bridges (Pont Pierre Laporte and Pont de Qu\u00e9bec).<br>The site is located 15 minutes from downtown L\u00e9vis.<\/p>\n\n\n\n<p class=\"\">Please note that camping is prohibited on the streets and in the parks of the municipality of L\u00e9vis. It is therefore forbidden to spend the night in the parking lot or in the vicinity of the site.  <\/p>\n\n\n\n<p class=\"\">Teams or athletes with a camper, trailer or tent must reserve their free pitch. Send an e-mail to the organization: info@cxlevis.com  <\/p>\n\n\n\n<div class=\"wp-block-columns is-layout-flex wp-container-core-columns-is-layout-aaaa4fb5 wp-block-columns-is-layout-flex\" style=\"padding-top:10px;padding-right:10px;padding-bottom:10px;padding-left:10px\">\n<div class=\"wp-block-column is-layout-flow wp-block-column-is-layout-flow\">\n<h2 class=\"wp-block-heading\">L\u00e9vis (motel, hotel, camping)<\/h2>\n\n\n\n<ul class=\"wp-block-list\">\n<li class=\"\"><a href=\"https:\/\/hotelnormandin.com\/hotels\/hotel-et-suites-normandin-levis\">Hotel Partner Hotel Normandins<\/a> (code 151124CX)<\/li>\n\n\n\n<li class=\"\"><a href=\"https:\/\/goo.gl\/maps\/eLYMmzLsn7themCAA\">Oiseli\u00e8re downtown L\u00e9vis <\/a>(15min away)<\/li>\n\n\n\n<li class=\"\"><a href=\"https:\/\/g.page\/FourPointsLevis?share\">Sheraton L\u00e9vis<\/a> (16 min away)<\/li>\n\n\n\n<li class=\"\"><a href=\"https:\/\/goo.gl\/maps\/XoAfaZYQ4HpuWzx49\">Hotel Motel Hospitalit\u00e9<\/a> (less than 10min away)<\/li>\n\n\n\n<li class=\"\"><a href=\"https:\/\/goo.gl\/maps\/3HqrjYiSFnKAWxkK8\">Motel Etchemin<\/a> (less than 5 min away)<\/li>\n\n\n\n<li class=\"\"><a href=\"https:\/\/g.page\/HamptonInnQuebecStRomuald?share\">Hampton Inn &amp; Suites by Hilton<\/a> (10 min away)<\/li>\n<\/ul>\n\n\n\n<h2 class=\"wp-block-heading\">Quebec<\/h2>\n\n\n\n<p class=\"\"><a href=\"https:\/\/www.google.com\/maps\/search\/Hotel+St-Foy\/@46.7614005,-71.3051659,3168m\/data=!3m2!1e3!4b1\">Several hotels are located at the entrance to Boul Laurier <\/a>(all less than 20min from the site).<\/p>\n<\/div>\n<\/div>\n","protected":false},"excerpt":{"rendered":"<p>Code: 141125CX 169$\/nightdouble occupancy continental breakfast included The site is 15 minutes from the Quebec bridges (Pont Pierre Laporte and Pont de Qu\u00e9bec).The site is located 15 minutes from downtown L\u00e9vis. Please note that camping is prohibited on the streets and in the parks of the municipality of L\u00e9vis. It is therefore forbidden to spend [&hellip;]<\/p>\n","protected":false},"author":1,"featured_media":0,"parent":0,"menu_order":0,"comment_status":"closed","ping_status":"closed","template":"","meta":{"nf_dc_page":"","_monsterinsights_skip_tracking":false,"_monsterinsights_sitenote_active":false,"_monsterinsights_sitenote_note":"","_monsterinsights_sitenote_category":0,"footnotes":""},"class_list":["post-75","page","type-page","status-publish","hentry"],"yoast_head":"<!-- This site is optimized with the Yoast SEO plugin v27.4 - https:\/\/yoast.com\/product\/yoast-seo-wordpress\/ -->\n<title>Hosting - Cyclocross de L\u00e9vis<\/title>\n<meta name=\"robots\" content=\"index, follow, max-snippet:-1, max-image-preview:large, max-video-preview:-1\" \/>\n<link rel=\"canonical\" href=\"https:\/\/cxlevis.com\/en\/sample-page\/\" \/>\n<meta property=\"og:locale\" content=\"en_US\" \/>\n<meta property=\"og:type\" content=\"article\" \/>\n<meta property=\"og:title\" content=\"Hosting - Cyclocross de L\u00e9vis\" \/>\n<meta property=\"og:description\" content=\"Code: 141125CX 169$\/nightdouble occupancy continental breakfast included The site is 15 minutes from the Quebec bridges (Pont Pierre Laporte and Pont de Qu\u00e9bec).The site is located 15 minutes from downtown L\u00e9vis. Please note that camping is prohibited on the streets and in the parks of the municipality of L\u00e9vis. It is therefore forbidden to spend [&hellip;]\" \/>\n<meta property=\"og:url\" content=\"https:\/\/cxlevis.com\/en\/sample-page\/\" \/>\n<meta property=\"og:site_name\" content=\"Cyclocross de L\u00e9vis\" \/>\n<meta property=\"article:modified_time\" content=\"2025-08-21T16:02:21+00:00\" \/>\n<meta property=\"og:image\" content=\"https:\/\/cxlevis.com\/wp-content\/uploads\/2023\/09\/logo_Les-Hotels-Normandin_site-web.png\" \/>\n<meta name=\"twitter:card\" content=\"summary_large_image\" \/>\n<meta name=\"twitter:label1\" content=\"Est. reading time\" \/>\n\t<meta name=\"twitter:data1\" content=\"1 minute\" \/>\n<script type=\"application\/ld+json\" class=\"yoast-schema-graph\">{\"@context\":\"https:\\\/\\\/schema.org\",\"@graph\":[{\"@type\":\"WebPage\",\"@id\":\"https:\\\/\\\/cxlevis.com\\\/en\\\/sample-page\\\/\",\"url\":\"https:\\\/\\\/cxlevis.com\\\/en\\\/sample-page\\\/\",\"name\":\"Hosting - Cyclocross de L\u00e9vis\",\"isPartOf\":{\"@id\":\"https:\\\/\\\/cxlevis.com\\\/#website\"},\"primaryImageOfPage\":{\"@id\":\"https:\\\/\\\/cxlevis.com\\\/en\\\/sample-page\\\/#primaryimage\"},\"image\":{\"@id\":\"https:\\\/\\\/cxlevis.com\\\/en\\\/sample-page\\\/#primaryimage\"},\"thumbnailUrl\":\"https:\\\/\\\/cxlevis.com\\\/wp-content\\\/uploads\\\/2023\\\/09\\\/logo_Les-Hotels-Normandin_site-web.png\",\"datePublished\":\"2023-08-11T14:25:00+00:00\",\"dateModified\":\"2025-08-21T16:02:21+00:00\",\"breadcrumb\":{\"@id\":\"https:\\\/\\\/cxlevis.com\\\/en\\\/sample-page\\\/#breadcrumb\"},\"inLanguage\":\"en-US\",\"potentialAction\":[{\"@type\":\"ReadAction\",\"target\":[\"https:\\\/\\\/cxlevis.com\\\/en\\\/sample-page\\\/\"]}]},{\"@type\":\"ImageObject\",\"inLanguage\":\"en-US\",\"@id\":\"https:\\\/\\\/cxlevis.com\\\/en\\\/sample-page\\\/#primaryimage\",\"url\":\"https:\\\/\\\/cxlevis.com\\\/wp-content\\\/uploads\\\/2023\\\/09\\\/logo_Les-Hotels-Normandin_site-web.png\",\"contentUrl\":\"https:\\\/\\\/cxlevis.com\\\/wp-content\\\/uploads\\\/2023\\\/09\\\/logo_Les-Hotels-Normandin_site-web.png\"},{\"@type\":\"BreadcrumbList\",\"@id\":\"https:\\\/\\\/cxlevis.com\\\/en\\\/sample-page\\\/#breadcrumb\",\"itemListElement\":[{\"@type\":\"ListItem\",\"position\":1,\"name\":\"Home\",\"item\":\"https:\\\/\\\/cxlevis.com\\\/en\\\/\"},{\"@type\":\"ListItem\",\"position\":2,\"name\":\"Hosting\"}]},{\"@type\":\"WebSite\",\"@id\":\"https:\\\/\\\/cxlevis.com\\\/#website\",\"url\":\"https:\\\/\\\/cxlevis.com\\\/\",\"name\":\"Cyclocross de L\u00e9vis\",\"description\":\"\",\"publisher\":{\"@id\":\"https:\\\/\\\/cxlevis.com\\\/#organization\"},\"potentialAction\":[{\"@type\":\"SearchAction\",\"target\":{\"@type\":\"EntryPoint\",\"urlTemplate\":\"https:\\\/\\\/cxlevis.com\\\/?s={search_term_string}\"},\"query-input\":{\"@type\":\"PropertyValueSpecification\",\"valueRequired\":true,\"valueName\":\"search_term_string\"}}],\"inLanguage\":\"en-US\"},{\"@type\":\"Organization\",\"@id\":\"https:\\\/\\\/cxlevis.com\\\/#organization\",\"name\":\"Cyclocross de L\u00e9vis\",\"url\":\"https:\\\/\\\/cxlevis.com\\\/\",\"logo\":{\"@type\":\"ImageObject\",\"inLanguage\":\"en-US\",\"@id\":\"https:\\\/\\\/cxlevis.com\\\/#\\\/schema\\\/logo\\\/image\\\/\",\"url\":\"https:\\\/\\\/i0.wp.com\\\/cxlevis.com\\\/wp-content\\\/uploads\\\/2023\\\/08\\\/371264483_1719765541834899_5168642951615373532_n-1.png?fit=2550%2C3300&ssl=1\",\"contentUrl\":\"https:\\\/\\\/i0.wp.com\\\/cxlevis.com\\\/wp-content\\\/uploads\\\/2023\\\/08\\\/371264483_1719765541834899_5168642951615373532_n-1.png?fit=2550%2C3300&ssl=1\",\"width\":2550,\"height\":3300,\"caption\":\"Cyclocross de L\u00e9vis\"},\"image\":{\"@id\":\"https:\\\/\\\/cxlevis.com\\\/#\\\/schema\\\/logo\\\/image\\\/\"}}]}<\/script>\n<!-- \/ Yoast SEO plugin. -->","yoast_head_json":{"title":"Hosting - Cyclocross de L\u00e9vis","robots":{"index":"index","follow":"follow","max-snippet":"max-snippet:-1","max-image-preview":"max-image-preview:large","max-video-preview":"max-video-preview:-1"},"canonical":"https:\/\/cxlevis.com\/en\/sample-page\/","og_locale":"en_US","og_type":"article","og_title":"Hosting - Cyclocross de L\u00e9vis","og_description":"Code: 141125CX 169$\/nightdouble occupancy continental breakfast included The site is 15 minutes from the Quebec bridges (Pont Pierre Laporte and Pont de Qu\u00e9bec).The site is located 15 minutes from downtown L\u00e9vis. Please note that camping is prohibited on the streets and in the parks of the municipality of L\u00e9vis. It is therefore forbidden to spend [&hellip;]","og_url":"https:\/\/cxlevis.com\/en\/sample-page\/","og_site_name":"Cyclocross de L\u00e9vis","article_modified_time":"2025-08-21T16:02:21+00:00","og_image":[{"url":"https:\/\/cxlevis.com\/wp-content\/uploads\/2023\/09\/logo_Les-Hotels-Normandin_site-web.png","type":"","width":"","height":""}],"twitter_card":"summary_large_image","twitter_misc":{"Est. reading time":"1 minute"},"schema":{"@context":"https:\/\/schema.org","@graph":[{"@type":"WebPage","@id":"https:\/\/cxlevis.com\/en\/sample-page\/","url":"https:\/\/cxlevis.com\/en\/sample-page\/","name":"Hosting - Cyclocross de L\u00e9vis","isPartOf":{"@id":"https:\/\/cxlevis.com\/#website"},"primaryImageOfPage":{"@id":"https:\/\/cxlevis.com\/en\/sample-page\/#primaryimage"},"image":{"@id":"https:\/\/cxlevis.com\/en\/sample-page\/#primaryimage"},"thumbnailUrl":"https:\/\/cxlevis.com\/wp-content\/uploads\/2023\/09\/logo_Les-Hotels-Normandin_site-web.png","datePublished":"2023-08-11T14:25:00+00:00","dateModified":"2025-08-21T16:02:21+00:00","breadcrumb":{"@id":"https:\/\/cxlevis.com\/en\/sample-page\/#breadcrumb"},"inLanguage":"en-US","potentialAction":[{"@type":"ReadAction","target":["https:\/\/cxlevis.com\/en\/sample-page\/"]}]},{"@type":"ImageObject","inLanguage":"en-US","@id":"https:\/\/cxlevis.com\/en\/sample-page\/#primaryimage","url":"https:\/\/cxlevis.com\/wp-content\/uploads\/2023\/09\/logo_Les-Hotels-Normandin_site-web.png","contentUrl":"https:\/\/cxlevis.com\/wp-content\/uploads\/2023\/09\/logo_Les-Hotels-Normandin_site-web.png"},{"@type":"BreadcrumbList","@id":"https:\/\/cxlevis.com\/en\/sample-page\/#breadcrumb","itemListElement":[{"@type":"ListItem","position":1,"name":"Home","item":"https:\/\/cxlevis.com\/en\/"},{"@type":"ListItem","position":2,"name":"Hosting"}]},{"@type":"WebSite","@id":"https:\/\/cxlevis.com\/#website","url":"https:\/\/cxlevis.com\/","name":"Cyclocross de L\u00e9vis","description":"","publisher":{"@id":"https:\/\/cxlevis.com\/#organization"},"potentialAction":[{"@type":"SearchAction","target":{"@type":"EntryPoint","urlTemplate":"https:\/\/cxlevis.com\/?s={search_term_string}"},"query-input":{"@type":"PropertyValueSpecification","valueRequired":true,"valueName":"search_term_string"}}],"inLanguage":"en-US"},{"@type":"Organization","@id":"https:\/\/cxlevis.com\/#organization","name":"Cyclocross de L\u00e9vis","url":"https:\/\/cxlevis.com\/","logo":{"@type":"ImageObject","inLanguage":"en-US","@id":"https:\/\/cxlevis.com\/#\/schema\/logo\/image\/","url":"https:\/\/i0.wp.com\/cxlevis.com\/wp-content\/uploads\/2023\/08\/371264483_1719765541834899_5168642951615373532_n-1.png?fit=2550%2C3300&ssl=1","contentUrl":"https:\/\/i0.wp.com\/cxlevis.com\/wp-content\/uploads\/2023\/08\/371264483_1719765541834899_5168642951615373532_n-1.png?fit=2550%2C3300&ssl=1","width":2550,"height":3300,"caption":"Cyclocross de L\u00e9vis"},"image":{"@id":"https:\/\/cxlevis.com\/#\/schema\/logo\/image\/"}}]}},"jetpack_sharing_enabled":true,"_links":{"self":[{"href":"https:\/\/cxlevis.com\/en\/wp-json\/wp\/v2\/pages\/75","targetHints":{"allow":["GET"]}}],"collection":[{"href":"https:\/\/cxlevis.com\/en\/wp-json\/wp\/v2\/pages"}],"about":[{"href":"https:\/\/cxlevis.com\/en\/wp-json\/wp\/v2\/types\/page"}],"author":[{"embeddable":true,"href":"https:\/\/cxlevis.com\/en\/wp-json\/wp\/v2\/users\/1"}],"replies":[{"embeddable":true,"href":"https:\/\/cxlevis.com\/en\/wp-json\/wp\/v2\/comments?post=75"}],"version-history":[{"count":6,"href":"https:\/\/cxlevis.com\/en\/wp-json\/wp\/v2\/pages\/75\/revisions"}],"predecessor-version":[{"id":695,"href":"https:\/\/cxlevis.com\/en\/wp-json\/wp\/v2\/pages\/75\/revisions\/695"}],"wp:attachment":[{"href":"https:\/\/cxlevis.com\/en\/wp-json\/wp\/v2\/media?parent=75"}],"curies":[{"name":"wp","href":"https:\/\/api.w.org\/{rel}","templated":true}]}}