{"id":182,"date":"2023-09-25T01:38:56","date_gmt":"2023-09-25T01:38:56","guid":{"rendered":"https:\/\/cxlevis.com\/management-2\/"},"modified":"2024-10-24T01:40:21","modified_gmt":"2024-10-24T01:40:21","slug":"management-2","status":"publish","type":"page","link":"https:\/\/cxlevis.com\/en\/management-2\/","title":{"rendered":"Management"},"content":{"rendered":"\n<p class=\"\">The race site is located in the city of L\u00e9vis in the Parc de la rivi\u00e8re Etchemin &#8211; Abbaye entrance. Less than 15 minutes from Quebec City, 2h30 from Montreal, 6h from Toronto, 8h from NYC, and 48h from Mexico City.  <br><\/p>\n\n\n\n<div class=\"wp-block-columns is-layout-flex wp-container-core-columns-is-layout-28f84493 wp-block-columns-is-layout-flex\">\n<div class=\"wp-block-column is-layout-flow wp-block-column-is-layout-flow\">\n<h4 class=\"wp-block-heading\">Race site<\/h4>\n\n\n\n<p class=\"\">Parc de L&#8217;Abbaye de L\u00e9vis<br>2686 Rue de l&#8217;Abbaye, <br>L\u00e9vis, QC G6W 7N1<\/p>\n<\/div>\n\n\n\n<div class=\"wp-block-column is-layout-flow wp-block-column-is-layout-flow\">\n<p class=\"\"><\/p>\n\n\n\n<p class=\"\"><i class=\"fas fa-location-arrow\"><\/i><a href=\"https:\/\/goo.gl\/maps\/qFhgeyy8feRi18fs7\">Google Map of the site<\/a><\/p>\n\n\n\n<figure class=\"wp-block-image size-full\"><a href=\"https:\/\/goo.gl\/maps\/qFhgeyy8feRi18fs7\"><img data-recalc-dims=\"1\" loading=\"lazy\" decoding=\"async\" width=\"701\" height=\"286\" src=\"https:\/\/i0.wp.com\/cxlevis.com\/wp-content\/uploads\/2024\/10\/2024-10-23_21-39-21.jpg?resize=701%2C286&#038;ssl=1\" alt=\"\" class=\"wp-image-547\" srcset=\"https:\/\/i0.wp.com\/cxlevis.com\/wp-content\/uploads\/2024\/10\/2024-10-23_21-39-21.jpg?w=701&amp;ssl=1 701w, https:\/\/i0.wp.com\/cxlevis.com\/wp-content\/uploads\/2024\/10\/2024-10-23_21-39-21.jpg?resize=300%2C122&amp;ssl=1 300w\" sizes=\"auto, (max-width: 701px) 100vw, 701px\" \/><\/a><\/figure>\n<\/div>\n<\/div>\n\n\n\n<div class=\"wp-block-columns is-layout-flex wp-container-core-columns-is-layout-28f84493 wp-block-columns-is-layout-flex\">\n<div class=\"wp-block-column is-layout-flow wp-block-column-is-layout-flow\" style=\"flex-basis:50%\">\n<h5 class=\"wp-block-heading\">from Quebec City (15 mins, 14km)<\/h5>\n\n\n\n<figure class=\"wp-block-image size-full is-resized\"><img data-recalc-dims=\"1\" loading=\"lazy\" decoding=\"async\" width=\"682\" height=\"436\" src=\"https:\/\/i0.wp.com\/cxlevis.com\/wp-content\/uploads\/2023\/09\/Quebec-Abbaye.jpg?resize=682%2C436&#038;ssl=1\" alt=\"\" class=\"wp-image-176\" style=\"width:320px;height:205px\" srcset=\"https:\/\/i0.wp.com\/cxlevis.com\/wp-content\/uploads\/2023\/09\/Quebec-Abbaye.jpg?w=682&amp;ssl=1 682w, https:\/\/i0.wp.com\/cxlevis.com\/wp-content\/uploads\/2023\/09\/Quebec-Abbaye.jpg?resize=300%2C192&amp;ssl=1 300w\" sizes=\"auto, (max-width: 682px) 100vw, 682px\" \/><\/figure>\n<\/div>\n\n\n\n<div class=\"wp-block-column is-layout-flow wp-block-column-is-layout-flow\" style=\"flex-basis:66.67%\">\n<h5 class=\"wp-block-heading has-text-align-right\">from L\u00e9vis (10mins, 7 km)<\/h5>\n\n\n\n<figure class=\"wp-block-image alignright size-full is-resized\"><img data-recalc-dims=\"1\" loading=\"lazy\" decoding=\"async\" width=\"804\" height=\"518\" src=\"https:\/\/i0.wp.com\/cxlevis.com\/wp-content\/uploads\/2023\/09\/Levis-Abbaye.jpg?resize=804%2C518&#038;ssl=1\" alt=\"\" class=\"wp-image-178\" style=\"width:329px;height:212px\" srcset=\"https:\/\/i0.wp.com\/cxlevis.com\/wp-content\/uploads\/2023\/09\/Levis-Abbaye.jpg?w=804&amp;ssl=1 804w, https:\/\/i0.wp.com\/cxlevis.com\/wp-content\/uploads\/2023\/09\/Levis-Abbaye.jpg?resize=300%2C193&amp;ssl=1 300w, https:\/\/i0.wp.com\/cxlevis.com\/wp-content\/uploads\/2023\/09\/Levis-Abbaye.jpg?resize=768%2C495&amp;ssl=1 768w\" sizes=\"auto, (max-width: 804px) 100vw, 804px\" \/><\/figure>\n<\/div>\n<\/div>\n\n\n\n<div class=\"wp-block-columns is-layout-flex wp-container-core-columns-is-layout-28f84493 wp-block-columns-is-layout-flex\">\n<div class=\"wp-block-column is-layout-flow wp-block-column-is-layout-flow\" style=\"flex-basis:50%\">\n<h5 class=\"wp-block-heading\">from Montreal(2h40, 250km)<\/h5>\n\n\n\n<figure class=\"wp-block-image size-full\"><img data-recalc-dims=\"1\" loading=\"lazy\" decoding=\"async\" width=\"411\" height=\"334\" src=\"https:\/\/i0.wp.com\/cxlevis.com\/wp-content\/uploads\/2024\/10\/2024-10-23_21-28-47.jpg?resize=411%2C334&#038;ssl=1\" alt=\"\" class=\"wp-image-532\" srcset=\"https:\/\/i0.wp.com\/cxlevis.com\/wp-content\/uploads\/2024\/10\/2024-10-23_21-28-47.jpg?w=411&amp;ssl=1 411w, https:\/\/i0.wp.com\/cxlevis.com\/wp-content\/uploads\/2024\/10\/2024-10-23_21-28-47.jpg?resize=300%2C244&amp;ssl=1 300w\" sizes=\"auto, (max-width: 411px) 100vw, 411px\" \/><\/figure>\n<\/div>\n\n\n\n<div class=\"wp-block-column is-layout-flow wp-block-column-is-layout-flow\" style=\"flex-basis:66.67%\">\n<h5 class=\"wp-block-heading has-text-align-right\">from Toronto (8h, 800km)<\/h5>\n\n\n\n<figure class=\"wp-block-image alignright size-full is-resized\"><img data-recalc-dims=\"1\" loading=\"lazy\" decoding=\"async\" width=\"367\" height=\"352\" src=\"https:\/\/i0.wp.com\/cxlevis.com\/wp-content\/uploads\/2024\/10\/2024-10-23_21-30-08.jpg?resize=367%2C352&#038;ssl=1\" alt=\"\" class=\"wp-image-534\" style=\"width:268px;height:auto\" srcset=\"https:\/\/i0.wp.com\/cxlevis.com\/wp-content\/uploads\/2024\/10\/2024-10-23_21-30-08.jpg?w=367&amp;ssl=1 367w, https:\/\/i0.wp.com\/cxlevis.com\/wp-content\/uploads\/2024\/10\/2024-10-23_21-30-08.jpg?resize=300%2C288&amp;ssl=1 300w\" sizes=\"auto, (max-width: 367px) 100vw, 367px\" \/><\/figure>\n<\/div>\n<\/div>\n\n\n\n<div class=\"wp-block-columns is-layout-flex wp-container-core-columns-is-layout-28f84493 wp-block-columns-is-layout-flex\">\n<div class=\"wp-block-column is-layout-flow wp-block-column-is-layout-flow\" style=\"flex-basis:50%\">\n<h5 class=\"wp-block-heading\">from NYC (8h30, 540 miles)<\/h5>\n\n\n\n<figure class=\"wp-block-image size-full\"><img data-recalc-dims=\"1\" loading=\"lazy\" decoding=\"async\" width=\"576\" height=\"555\" src=\"https:\/\/i0.wp.com\/cxlevis.com\/wp-content\/uploads\/2024\/10\/2024-10-23_21-20-10-1.jpg?resize=576%2C555&#038;ssl=1\" alt=\"\" class=\"wp-image-528\" srcset=\"https:\/\/i0.wp.com\/cxlevis.com\/wp-content\/uploads\/2024\/10\/2024-10-23_21-20-10-1.jpg?w=576&amp;ssl=1 576w, https:\/\/i0.wp.com\/cxlevis.com\/wp-content\/uploads\/2024\/10\/2024-10-23_21-20-10-1.jpg?resize=300%2C289&amp;ssl=1 300w\" sizes=\"auto, (max-width: 576px) 100vw, 576px\" \/><\/figure>\n<\/div>\n\n\n\n<div class=\"wp-block-column is-layout-flow wp-block-column-is-layout-flow\" style=\"flex-basis:66.67%\">\n<h5 class=\"wp-block-heading has-text-align-right\">Boston (6h00, 394 miles)<\/h5>\n\n\n\n<figure class=\"wp-block-image alignright size-full is-resized\"><img data-recalc-dims=\"1\" loading=\"lazy\" decoding=\"async\" width=\"474\" height=\"442\" src=\"https:\/\/i0.wp.com\/cxlevis.com\/wp-content\/uploads\/2024\/10\/2024-10-23_21-24-04.jpg?resize=474%2C442&#038;ssl=1\" alt=\"\" class=\"wp-image-530\" style=\"width:320px;height:auto\" srcset=\"https:\/\/i0.wp.com\/cxlevis.com\/wp-content\/uploads\/2024\/10\/2024-10-23_21-24-04.jpg?w=474&amp;ssl=1 474w, https:\/\/i0.wp.com\/cxlevis.com\/wp-content\/uploads\/2024\/10\/2024-10-23_21-24-04.jpg?resize=300%2C280&amp;ssl=1 300w\" sizes=\"auto, (max-width: 474px) 100vw, 474px\" \/><\/figure>\n<\/div>\n<\/div>\n","protected":false},"excerpt":{"rendered":"<p>The race site is located in the city of L\u00e9vis in the Parc de la rivi\u00e8re Etchemin &#8211; Abbaye entrance. Less than 15 minutes from Quebec City, 2h30 from Montreal, 6h from Toronto, 8h from NYC, and 48h from Mexico City. Race site Parc de L&#8217;Abbaye de L\u00e9vis2686 Rue de l&#8217;Abbaye, L\u00e9vis, QC G6W 7N1 [&hellip;]<\/p>\n","protected":false},"author":1,"featured_media":0,"parent":0,"menu_order":0,"comment_status":"closed","ping_status":"closed","template":"","meta":{"nf_dc_page":"","_monsterinsights_skip_tracking":false,"_monsterinsights_sitenote_active":false,"_monsterinsights_sitenote_note":"","_monsterinsights_sitenote_category":0,"footnotes":""},"class_list":["post-182","page","type-page","status-publish","hentry"],"yoast_head":"<!-- This site is optimized with the Yoast SEO plugin v27.4 - https:\/\/yoast.com\/product\/yoast-seo-wordpress\/ -->\n<title>Management - Cyclocross de L\u00e9vis<\/title>\n<meta name=\"robots\" content=\"index, follow, max-snippet:-1, max-image-preview:large, max-video-preview:-1\" \/>\n<link rel=\"canonical\" href=\"https:\/\/cxlevis.com\/en\/management-2\/\" \/>\n<meta property=\"og:locale\" content=\"en_US\" \/>\n<meta property=\"og:type\" content=\"article\" \/>\n<meta property=\"og:title\" content=\"Management - Cyclocross de L\u00e9vis\" \/>\n<meta property=\"og:description\" content=\"The race site is located in the city of L\u00e9vis in the Parc de la rivi\u00e8re Etchemin &#8211; Abbaye entrance. Less than 15 minutes from Quebec City, 2h30 from Montreal, 6h from Toronto, 8h from NYC, and 48h from Mexico City. Race site Parc de L&#8217;Abbaye de L\u00e9vis2686 Rue de l&#8217;Abbaye, L\u00e9vis, QC G6W 7N1 [&hellip;]\" \/>\n<meta property=\"og:url\" content=\"https:\/\/cxlevis.com\/en\/management-2\/\" \/>\n<meta property=\"og:site_name\" content=\"Cyclocross de L\u00e9vis\" \/>\n<meta property=\"article:modified_time\" content=\"2024-10-24T01:40:21+00:00\" \/>\n<meta property=\"og:image\" content=\"https:\/\/cxlevis.com\/wp-content\/uploads\/2024\/10\/2024-10-23_21-39-21.jpg\" \/>\n<meta name=\"twitter:card\" content=\"summary_large_image\" \/>\n<script type=\"application\/ld+json\" class=\"yoast-schema-graph\">{\"@context\":\"https:\\\/\\\/schema.org\",\"@graph\":[{\"@type\":\"WebPage\",\"@id\":\"https:\\\/\\\/cxlevis.com\\\/en\\\/management-2\\\/\",\"url\":\"https:\\\/\\\/cxlevis.com\\\/en\\\/management-2\\\/\",\"name\":\"Management - Cyclocross de L\u00e9vis\",\"isPartOf\":{\"@id\":\"https:\\\/\\\/cxlevis.com\\\/#website\"},\"primaryImageOfPage\":{\"@id\":\"https:\\\/\\\/cxlevis.com\\\/en\\\/management-2\\\/#primaryimage\"},\"image\":{\"@id\":\"https:\\\/\\\/cxlevis.com\\\/en\\\/management-2\\\/#primaryimage\"},\"thumbnailUrl\":\"https:\\\/\\\/cxlevis.com\\\/wp-content\\\/uploads\\\/2024\\\/10\\\/2024-10-23_21-39-21.jpg\",\"datePublished\":\"2023-09-25T01:38:56+00:00\",\"dateModified\":\"2024-10-24T01:40:21+00:00\",\"breadcrumb\":{\"@id\":\"https:\\\/\\\/cxlevis.com\\\/en\\\/management-2\\\/#breadcrumb\"},\"inLanguage\":\"en-US\",\"potentialAction\":[{\"@type\":\"ReadAction\",\"target\":[\"https:\\\/\\\/cxlevis.com\\\/en\\\/management-2\\\/\"]}]},{\"@type\":\"ImageObject\",\"inLanguage\":\"en-US\",\"@id\":\"https:\\\/\\\/cxlevis.com\\\/en\\\/management-2\\\/#primaryimage\",\"url\":\"https:\\\/\\\/cxlevis.com\\\/wp-content\\\/uploads\\\/2024\\\/10\\\/2024-10-23_21-39-21.jpg\",\"contentUrl\":\"https:\\\/\\\/cxlevis.com\\\/wp-content\\\/uploads\\\/2024\\\/10\\\/2024-10-23_21-39-21.jpg\"},{\"@type\":\"BreadcrumbList\",\"@id\":\"https:\\\/\\\/cxlevis.com\\\/en\\\/management-2\\\/#breadcrumb\",\"itemListElement\":[{\"@type\":\"ListItem\",\"position\":1,\"name\":\"Home\",\"item\":\"https:\\\/\\\/cxlevis.com\\\/en\\\/\"},{\"@type\":\"ListItem\",\"position\":2,\"name\":\"Management\"}]},{\"@type\":\"WebSite\",\"@id\":\"https:\\\/\\\/cxlevis.com\\\/#website\",\"url\":\"https:\\\/\\\/cxlevis.com\\\/\",\"name\":\"Cyclocross de L\u00e9vis\",\"description\":\"\",\"publisher\":{\"@id\":\"https:\\\/\\\/cxlevis.com\\\/#organization\"},\"potentialAction\":[{\"@type\":\"SearchAction\",\"target\":{\"@type\":\"EntryPoint\",\"urlTemplate\":\"https:\\\/\\\/cxlevis.com\\\/?s={search_term_string}\"},\"query-input\":{\"@type\":\"PropertyValueSpecification\",\"valueRequired\":true,\"valueName\":\"search_term_string\"}}],\"inLanguage\":\"en-US\"},{\"@type\":\"Organization\",\"@id\":\"https:\\\/\\\/cxlevis.com\\\/#organization\",\"name\":\"Cyclocross de L\u00e9vis\",\"url\":\"https:\\\/\\\/cxlevis.com\\\/\",\"logo\":{\"@type\":\"ImageObject\",\"inLanguage\":\"en-US\",\"@id\":\"https:\\\/\\\/cxlevis.com\\\/#\\\/schema\\\/logo\\\/image\\\/\",\"url\":\"https:\\\/\\\/i0.wp.com\\\/cxlevis.com\\\/wp-content\\\/uploads\\\/2023\\\/08\\\/371264483_1719765541834899_5168642951615373532_n-1.png?fit=2550%2C3300&ssl=1\",\"contentUrl\":\"https:\\\/\\\/i0.wp.com\\\/cxlevis.com\\\/wp-content\\\/uploads\\\/2023\\\/08\\\/371264483_1719765541834899_5168642951615373532_n-1.png?fit=2550%2C3300&ssl=1\",\"width\":2550,\"height\":3300,\"caption\":\"Cyclocross de L\u00e9vis\"},\"image\":{\"@id\":\"https:\\\/\\\/cxlevis.com\\\/#\\\/schema\\\/logo\\\/image\\\/\"}}]}<\/script>\n<!-- \/ Yoast SEO plugin. -->","yoast_head_json":{"title":"Management - Cyclocross de L\u00e9vis","robots":{"index":"index","follow":"follow","max-snippet":"max-snippet:-1","max-image-preview":"max-image-preview:large","max-video-preview":"max-video-preview:-1"},"canonical":"https:\/\/cxlevis.com\/en\/management-2\/","og_locale":"en_US","og_type":"article","og_title":"Management - Cyclocross de L\u00e9vis","og_description":"The race site is located in the city of L\u00e9vis in the Parc de la rivi\u00e8re Etchemin &#8211; Abbaye entrance. Less than 15 minutes from Quebec City, 2h30 from Montreal, 6h from Toronto, 8h from NYC, and 48h from Mexico City. Race site Parc de L&#8217;Abbaye de L\u00e9vis2686 Rue de l&#8217;Abbaye, L\u00e9vis, QC G6W 7N1 [&hellip;]","og_url":"https:\/\/cxlevis.com\/en\/management-2\/","og_site_name":"Cyclocross de L\u00e9vis","article_modified_time":"2024-10-24T01:40:21+00:00","og_image":[{"url":"https:\/\/cxlevis.com\/wp-content\/uploads\/2024\/10\/2024-10-23_21-39-21.jpg","type":"","width":"","height":""}],"twitter_card":"summary_large_image","schema":{"@context":"https:\/\/schema.org","@graph":[{"@type":"WebPage","@id":"https:\/\/cxlevis.com\/en\/management-2\/","url":"https:\/\/cxlevis.com\/en\/management-2\/","name":"Management - Cyclocross de L\u00e9vis","isPartOf":{"@id":"https:\/\/cxlevis.com\/#website"},"primaryImageOfPage":{"@id":"https:\/\/cxlevis.com\/en\/management-2\/#primaryimage"},"image":{"@id":"https:\/\/cxlevis.com\/en\/management-2\/#primaryimage"},"thumbnailUrl":"https:\/\/cxlevis.com\/wp-content\/uploads\/2024\/10\/2024-10-23_21-39-21.jpg","datePublished":"2023-09-25T01:38:56+00:00","dateModified":"2024-10-24T01:40:21+00:00","breadcrumb":{"@id":"https:\/\/cxlevis.com\/en\/management-2\/#breadcrumb"},"inLanguage":"en-US","potentialAction":[{"@type":"ReadAction","target":["https:\/\/cxlevis.com\/en\/management-2\/"]}]},{"@type":"ImageObject","inLanguage":"en-US","@id":"https:\/\/cxlevis.com\/en\/management-2\/#primaryimage","url":"https:\/\/cxlevis.com\/wp-content\/uploads\/2024\/10\/2024-10-23_21-39-21.jpg","contentUrl":"https:\/\/cxlevis.com\/wp-content\/uploads\/2024\/10\/2024-10-23_21-39-21.jpg"},{"@type":"BreadcrumbList","@id":"https:\/\/cxlevis.com\/en\/management-2\/#breadcrumb","itemListElement":[{"@type":"ListItem","position":1,"name":"Home","item":"https:\/\/cxlevis.com\/en\/"},{"@type":"ListItem","position":2,"name":"Management"}]},{"@type":"WebSite","@id":"https:\/\/cxlevis.com\/#website","url":"https:\/\/cxlevis.com\/","name":"Cyclocross de L\u00e9vis","description":"","publisher":{"@id":"https:\/\/cxlevis.com\/#organization"},"potentialAction":[{"@type":"SearchAction","target":{"@type":"EntryPoint","urlTemplate":"https:\/\/cxlevis.com\/?s={search_term_string}"},"query-input":{"@type":"PropertyValueSpecification","valueRequired":true,"valueName":"search_term_string"}}],"inLanguage":"en-US"},{"@type":"Organization","@id":"https:\/\/cxlevis.com\/#organization","name":"Cyclocross de L\u00e9vis","url":"https:\/\/cxlevis.com\/","logo":{"@type":"ImageObject","inLanguage":"en-US","@id":"https:\/\/cxlevis.com\/#\/schema\/logo\/image\/","url":"https:\/\/i0.wp.com\/cxlevis.com\/wp-content\/uploads\/2023\/08\/371264483_1719765541834899_5168642951615373532_n-1.png?fit=2550%2C3300&ssl=1","contentUrl":"https:\/\/i0.wp.com\/cxlevis.com\/wp-content\/uploads\/2023\/08\/371264483_1719765541834899_5168642951615373532_n-1.png?fit=2550%2C3300&ssl=1","width":2550,"height":3300,"caption":"Cyclocross de L\u00e9vis"},"image":{"@id":"https:\/\/cxlevis.com\/#\/schema\/logo\/image\/"}}]}},"jetpack_sharing_enabled":true,"_links":{"self":[{"href":"https:\/\/cxlevis.com\/en\/wp-json\/wp\/v2\/pages\/182","targetHints":{"allow":["GET"]}}],"collection":[{"href":"https:\/\/cxlevis.com\/en\/wp-json\/wp\/v2\/pages"}],"about":[{"href":"https:\/\/cxlevis.com\/en\/wp-json\/wp\/v2\/types\/page"}],"author":[{"embeddable":true,"href":"https:\/\/cxlevis.com\/en\/wp-json\/wp\/v2\/users\/1"}],"replies":[{"embeddable":true,"href":"https:\/\/cxlevis.com\/en\/wp-json\/wp\/v2\/comments?post=182"}],"version-history":[{"count":7,"href":"https:\/\/cxlevis.com\/en\/wp-json\/wp\/v2\/pages\/182\/revisions"}],"predecessor-version":[{"id":550,"href":"https:\/\/cxlevis.com\/en\/wp-json\/wp\/v2\/pages\/182\/revisions\/550"}],"wp:attachment":[{"href":"https:\/\/cxlevis.com\/en\/wp-json\/wp\/v2\/media?parent=182"}],"curies":[{"name":"wp","href":"https:\/\/api.w.org\/{rel}","templated":true}]}}